{"id":291,"date":"2019-03-06T19:44:44","date_gmt":"2019-03-06T18:44:44","guid":{"rendered":"http:\/\/www.cj44.de\/wordpress\/?page_id=291"},"modified":"2019-03-12T20:14:04","modified_gmt":"2019-03-12T19:14:04","slug":"datenschutz","status":"publish","type":"page","link":"https:\/\/www.autogalerienader.de\/index.php\/datenschutz\/","title":{"rendered":"Datenschutzerkl\u00e4rung"},"content":{"rendered":"\n<h1>Datenschutzerkl\u00e4rung<\/h1><p>Mit dieser Datenschutzerkl\u00e4rung m\u00f6chten wir Sie \u00fcber Art, Umfang und Zweck der Verarbeitung von personenbezogenen Daten auf unserer Webseite aufkl\u00e4ren. Personenbezogene Daten sind alle Daten, die einen pers\u00f6nlichen Bezug zu Ihnen aufweisen, z. B. Name, Adresse, E-Mail-Adresse oder Nutzerverhalten.<\/p><h5>Wer bei uns f\u00fcr die Datenverarbeitung verantwortlich ist<\/h5><p>Verantwortlich f\u00fcr die Datenverarbeitung ist:<\/p><p>AutoGalerie Nader<br>Nader Hosseinzadeh<br>Wandsbeker Zollstra\u00dfe 157-159<br>22041 Hamburg<br>Deutschland<br>+49 (0)40 657 22 96<br>info@autogalerienader.de<br><a href=\"https:\/\/www.autogalerienader.de\/index.php\/impressum\/\" class=\"externalLink\">https:\/\/www.autogalerienader.de\/index.php\/impressum\/<\/a><\/p><h5>Verarbeitung Ihrer Daten im Rahmen der Kernt\u00e4tigkeit unseres Unternehmens<\/h5><p>Wir verarbeiten Ihre an uns \u00fcbertragene personenbezogene Daten im Rahmen der zwischen uns bestehenden vertraglichen und vorvertraglichen Beziehungen. Umfang, Art, Zweck und Erforderlichkeit der Verarbeitung richtet sich nach dem jeweils zugrundeliegenden Vertragsverh\u00e4ltnis. Hierzu speichern und verarbeiten wir Ihre Daten in den von uns genutzten Computersystemen. Zu den von uns verarbeiteten Daten geh\u00f6ren all diejenigen Daten, die zum Zwecke der Inanspruchnahme der vertraglichen oder vorvertraglichen Leistungen durch Sie bereitgestellt wurden und zur Abwicklung Ihrer Anfrage oder des zwischen uns geschlossenen Vertrages ben\u00f6tigt werden.<\/p><p>Hierzu k\u00f6nnen insbesondere folgende Daten z\u00e4hlen:<\/p><ul><li>Name und Adresse<\/li><li>E-Mailadresse und Telefonnummer<\/li><li>Vertragsdaten<\/li><li>Zahlungsdaten.<\/li><\/ul><p>Die Verarbeitung beschr\u00e4nkt sich auf diejenigen Daten, die&nbsp;zur&nbsp;Beantwortung&nbsp;von Anfragen und\/oder zur Erf\u00fcllung eines zwischen Ihnen und uns geschlossenen Vertrages erforderlich und zweckm\u00e4\u00dfig sind. Eine Weitergabe der personenbezogenen Daten an Dritte erfolgt nur, wenn dies zum Zwecke der Erbringung der Leistung oder im Rahmen der Organisation unseres Betriebes zur Abwicklung der Finanzbuchhaltung sowie der Befolgung gesetzlicher Verpflichtungen erforderlich ist. In diesem Fall werden nur diejenigen Daten an externe Dienstleister \u00fcbertragen, die zur Erf\u00fcllung des Vertrages oder zur Abwicklung der Finanzbuchhaltung sowie der Befolgung gesetzlicher Verpflichtungen erforderlich und zweckm\u00e4\u00dfig sind. Die Verarbeitung durch uns erfolgt gem\u00e4\u00df Ihren Weisungen oder den gesetzlichen Bestimmungen. <strong>Rechtsgrundlage:<\/strong> Die Verarbeitung Ihrer personenbezogenen Daten sowie die \u00dcbertragung an Dritte erfolgt gem\u00e4\u00df Art. 6 Abs. 1 lit. b) DSGVO und dient dazu, den Vertrag zwischen Ihnen und uns zu erf\u00fcllen. Im \u00dcbrigen geben wir Daten an Dritte nur dann weiter, wenn hierzu eine gesetzliche Verpflichtung besteht, Art. 6 Abs. 1 lit. c) DSGVO oder wenn hieran ein berechtigtes Interesse besteht, Art. 6 Abs. 1 lit f. DSGVO. Dies ist beispielsweise dann der Fall, wenn dies zur Verfolgung unserer Anspr\u00fcche erforderlich ist. <strong>L\u00f6schung:<\/strong> Die L\u00f6schung Ihrer Daten erfolgt sobald die Daten nicht mehr zu Erf\u00fcllung vertraglicher oder gesetzlicher F\u00fcrsorgepflichten sowie f\u00fcr den Umgang mit etwaigen Gew\u00e4hrleistungs- und vergleichbaren Pflichten erforderlich sind. Hiervon bleiben die gesetzlichen Aufbewahrungspflichten unber\u00fchrt.<\/p><h5>Webhosting<\/h5><p>Wir bedienen uns zum Vorhalten unserer Onlinepr\u00e4senz eines Internet-Service-Providers, auf dessen Server die Webseite gespeichert wird (Hosting) und der unsere Seite im Internet verf\u00fcgbar macht. Hierbei verarbeitet der Internet-Service-Provider in unserem Auftrag Kontaktdaten, Inhaltsdaten, Vertragsdaten, Nutzungsdaten, Bestandsdaten sowie Meta- und Kommunikationsdaten. &nbsp;<strong>Rechtsgrundlage: <\/strong>Der Internet-Service-Provider verarbeitet die vorgenannten Daten in unserem Auftrag, Art. 28 DSGVO. Die Datenverarbeitung erfolgt auf Grund unseres berechtigten Interesses an einer effizienten und sicheren Bereitstellung unseres Internetangebotes ein, Art. 6 Abs. 1 lit. f) DSGVO.<\/p><p><\/p><div class=\"ce_text block\"><p>Sofern Sie unsere Webseite lediglich informatorisch nutzen, werden von unserem Internet-Service-Provider nur diejenigen personenbezogenen Daten erhoben, die der von Ihnen verwendete Browser an dessen Server \u00fcbermittelt. Das sind folgende Daten:<\/p><ul><li>IP-Adresse<\/li><li>das Datum und die Uhrzeit des Zugriffs auf unsere Internetseite<\/li><li>Zeitzonendifferenz zur Greenwich Mean Time (GMT)<\/li><li>Zugriffsstatus (HTTP-Status)<\/li><li>die \u00fcbertragene Datenmenge<\/li><li>der Internet-Service-Provider des zugreifenden Systems<\/li><li>der von Ihnen verwendete Browsertyp und dessen Version<\/li><li>das von Ihnen verwendete Betriebssystem<\/li><li>die Internetseite, von welcher Sie gegebenenfalls auf unsere Internetseite gelangt sind<\/li><li>die Seiten bzw. Unterseiten, welche Sie auf unserer Internetseite besuchen.<\/li><\/ul><p>Die vorgenannten Daten werden als Logfiles auf den Servern unseres Internet-Service-Providers gespeichert. Dies ist erforderlich, um die Webseite auf dem von Ihnen genutzten Endger\u00e4t darstellen zu k\u00f6nnen, sowie die Stabilit\u00e4t und Sicherheit zu gew\u00e4hrleisten. In den vorstehenden Zwecken liegt unser berechtigtes Interesse an der Datenverarbeitung. <strong>Rechtsgrundlage:&nbsp;<\/strong>Die Datenverarbeitung erfolgt auf Grund unseres berechtigten Interesses an einer effizienten und sicheren Bereitstellung unseres Internetangebotes ein, Art. 6 Abs. 1 lit. f) DSGVO.&nbsp;<strong>Dauer:<\/strong> Die vorstehenden Daten zur Bereitstellung unserer Webseite werden f\u00fcr die Dauer von 7 Tagen gespeichert und dann gel\u00f6scht.<\/p><\/div><p><\/p><h5>Cookies<\/h5><p>Unsere Internetseite nutzt Cookies. Bei Cookies handelt es sich um kleine Textdateien, bestehend aus einer Reihe von Zahlen und Buchstaben, die auf dem von Ihnen genutzten Endger\u00e4t abgelegt und gespeichert werden. Cookies \u00fcbertragen weder Viren noch k\u00f6nnen sie Programme ausf\u00fchren. Vielmehr dienen sie vorrangig dazu, Informationen zwischen dem von Ihnen genutzten Endger\u00e4t und unserer Webseite auszutauschen, um unser Internetangebot f\u00fcr Sie nutzerfreundlicher und effektiver zu machen. Dabei ist zu unterscheiden zwischen tempor\u00e4ren (transienten) Cookies und persistenten Cookies. Zu den transienten Cookies z\u00e4hlen insbesondere die Session-Cookies. Diese speichern eine sogenannte Session-ID, mit welcher sich verschiedene Anfragen Ihres Browsers der gemeinsamen Sitzung zuordnen lassen. Dadurch erkennt unsere Webseite Ihren Rechner wieder, wenn Sie auf unsere Webseite zur\u00fcckkehren. Die Session-Cookies werden gel\u00f6scht, wenn Sie sich ausloggen oder Ihren Browser schlie\u00dfen. Persistente Cookies werden automatisiert nach einer vorgegebenen Dauer gel\u00f6scht, die sich je nach Cookie unterscheiden kann. Sie haben die M\u00f6glichkeit, diese Cookies in den Sicherheitseinstellungen Ihres Browsers jederzeit zu l\u00f6schen.<\/p><p>Die Cookies dienen dazu, unsere Website nutzerfreundlicher zu gestalten. Einige Elemente unserer Internetseite erfordern es, dass der aufrufende Browser auch nach einem Seitenwechsel identifiziert werden kann. In diesen Cookies k\u00f6nnen insbesondere Informationen zu Spracheinstellungen oder Log-In-Informationen gespeichert sein.<\/p><p><\/p><p>In den vorstehenden Zwecken liegt unser berechtigtes Interesse an der Datenverarbeitung. Rechtsgrundlage hierf\u00fcr ist Art. 6 Abs. 1 S. 1 lit. f DSGVO. <\/p><p>Da die Cookies auf Ihrem Computer gespeichert werden, haben Sie als Nutzer auch die volle Kontrolle \u00fcber die Verwendung von Cookies. Sie haben die M\u00f6glichkeit, \u00fcber die Sicherheitseinstellungen Ihres Browsers festzulegen, ob Cookies \u00fcberhaupt gespeichert werden. Sie k\u00f6nnen etwa von vornherein keine oder nur auf Nachfrage Cookies akzeptieren oder aber festlegen, dass Cookies nach jedem Schlie\u00dfen Ihres Browsers gel\u00f6scht werden. Werden Cookies f\u00fcr unsere Website deaktiviert, k\u00f6nnen m\u00f6glicherweise nicht mehr alle Funktionen der Website vollumf\u00e4nglich genutzt werden.<\/p><h5>Speicherdauer\/L\u00f6schung<\/h5><p>Wir l\u00f6schen oder sperren Ihre personenbezogenen Daten, sobald der Zweck der Speicherung erreicht ist oder entf\u00e4llt. Eine dar\u00fcberhinausgehende Speicherung erfolgt nur, wenn uns dies durch nationale oder europ\u00e4ische Vorschriften aufgegeben wird. Eine Sperrung oder L\u00f6schung der Daten erfolgt in diesem Fall dann, wenn die in den jeweiligen Vorschriften vorgeschriebene Speicherfrist abgelaufen ist, es sei denn wir ben\u00f6tigen Ihre Daten zur Erf\u00fcllung eines zwischen uns geschlossenen Vertrages oder wenn dies zur Geltendmachung, Aus\u00fcbung oder Verteidigung von Rechtsanspr\u00fcchen erforderlich ist.<\/p><h5>Angaben zu den von uns vorgehaltenen Kontaktaufnahmem\u00f6glichkeiten<\/h5><p>Soweit Sie uns \u00fcber E-Mail, Soziale Medien, Telefon, Fax, Post, unser Kontaktformular oder sonstwie ansprechen und uns hierbei personenbezogene Daten wie Ihren Namen, Ihre Telefonnummer oder Ihre E-Mail-Adresse zur Verf\u00fcgung stellen oder weitere Angaben zur Ihrer Person oder Ihrem Anliegen machen, werden diese Daten zur Verarbeitung Ihrer Anfrage in unserem Hause gespeichert und weiterverarbeitet. <strong>Rechtsgrundlage<\/strong>: Sofern Sie Ihre Anfrage im Rahmen vertraglicher oder vorvertraglicher Beziehungen mit uns stellen, ist die Rechtsgrundlage f\u00fcr die Verarbeitung Ihrer Daten Art. 6 Abs. 1 lit. b. DSGVO.&nbsp;Sofern Ihre&nbsp;Anfrage nicht unter eine der vorgenannten Kategorien f\u00e4llt,&nbsp;liegt unser berechtigtes Interesse an der Verarbeitung Ihrer Daten darin, Ihre Anfrage ordnungsgem\u00e4\u00df und in Ihrem Sinne zu beantworten, Art. 6 Abs. 1 lit. f DSGVO.&nbsp;<strong>L\u00f6schung:&nbsp;<\/strong>Die von uns erhobenen personenbezogenen Daten werden gel\u00f6scht, sofern sie nicht mehr erforderlich sind. Wir \u00fcberpr\u00fcfen die Erforderlichkeit alle 2 Jahre. Au\u00dferdem k\u00f6nnen Sie die Datenverarbeitung jederzeit widerrufen.<\/p><h5>Der Umgang mit Ihren Daten im Bewerbungsverfahren<\/h5><p>Sofern Sie sich bei uns bewerben, verarbeiten wir die von Ihnen im Bewerbungsverfahren an uns \u00fcbermittelten personenbezogenen Daten. Sofern Sie die Daten per E-Mail oder \u00fcber ein Kontaktformular unseres Online-Auftritts senden, erfolgt die Verarbeitung auf elektronischem Wege. Kommt es im Anschluss des Bewerbungsverfahrens zum Abschluss eines Arbeitsvertrages, speichern wir Ihre Daten zum Zwecke der Abwicklung des Besch\u00e4ftigungsverh\u00e4ltnisses unter Beachtung der gesetzlichen Vorschriften. <strong>Zweck:<\/strong> Der Zweck liegt in der Abwicklung des Bewerbungsverfahrens.&nbsp;<strong>Rechtsgrundlage:<\/strong> Die Rechtsgrundlage f\u00fcr die Verarbeitung Ihrer Daten zum vorbeschriebenen Zweck ist Art. 6 Abs. 1 lit. b DSGVO. <strong>L\u00f6schung:<\/strong> Kommt es nicht zu dem Abschluss eines Arbeitsvertrages, werden Ihre Daten nach Abschluss des Bewerbungsverfahrens bzw. sp\u00e4testens 2 Monate nach dessen Abschluss gel\u00f6scht. Dies gilt nicht, sofern gesetzliche Bestimmungen der L\u00f6schung entgegenstehen oder die weitere Speicherung Ihrer Daten zum Zwecke der Beweisf\u00fchrung erforderlich ist, etwa in einem Verfahren nach dem Allgemeinen Gleichbehandlungsgesetz (AGG). Das Bewerbungsverfahren gilt mit der Absendung der Absage an Sie als abgeschlossen. <strong>Verhinderung:<\/strong> Sie haben daneben das jederzeitige Recht, Ihre Bewerbung zur\u00fcckzuziehen oder die L\u00f6schung Ihrer personenbezogenen Daten zu verlangen.<\/p><h2>Ihre Rechte nach der DSGVO<\/h2><p>Nach der DSGVO stehen Ihnen die nachfolgend aufgef\u00fchrten Rechte zu, die Sie jederzeit bei dem in Ziffer 1. dieser Datenschutzerkl\u00e4rung genannten Verantwortlichen geltend machen k\u00f6nnen:<\/p><ul><li><strong>Recht auf Auskunft:<\/strong> Sie k\u00f6nnen nach Art. 15 DSGVO eine Best\u00e4tigung dar\u00fcber verlangen, ob und welche personenbezogenen Daten wir von Ihnen verarbeiten. Dar\u00fcber hinaus k\u00f6nnen Sie von uns unentgeltlich Auskunft \u00fcber die Verarbeitungszwecke, die Kategorie der personenbezogenen Daten, die Kategorien von Empf\u00e4ngern, gegen\u00fcber denen Ihre Daten offengelegt wurden oder werden, die geplante Speicherdauer, das Bestehen eines Rechts auf Berichtigung, L\u00f6schung, Einschr\u00e4nkung der Verarbeitung oder Widerspruch, das Bestehen eines Beschwerderechts sowie die Herkunft ihrer Daten, sofern diese nicht bei uns erhoben wurden, verlangen. Ferner steht Ihnen ein Auskunftsrecht dar\u00fcber zu, ob Ihre personenbezogenen Daten an ein Drittland oder an eine internationale Organisation \u00fcbermittelt wurden. Sofern dies der Fall ist, steht Ihnen das Recht zu, Auskunft \u00fcber die geeigneten Garantien im Zusammenhang mit der \u00dcbermittlung zu erhalten.<\/li><li><strong>Recht auf Berichtigung:<\/strong> Gem\u00e4\u00df Art. 16 DSGVO k\u00f6nnen Sie die Berichtigung unrichtiger oder Vervollst\u00e4ndigung unvollst\u00e4ndiger der bei uns gespeicherten und Sie betreffenden personenbezogenen Daten verlangen.<\/li><li><strong>Recht auf L\u00f6schung:<\/strong> Gem\u00e4\u00df Art. 17 DSGVO steht Ihnen das Recht zu, die L\u00f6schung Ihrer bei uns gespeicherten personenbezogenen Daten zu verlangen, soweit wir deren Verarbeitung nicht zu folgenden Zwecken ben\u00f6tigen:<ul><li>zur Erf\u00fcllung einer rechtlichen Verpflichtung,<\/li><li>zur Geltendmachung, Aus\u00fcbung oder Verteidigung von Rechtsanspr\u00fcchen,<\/li><li>zur Aus\u00fcbung des Rechts auf freie Meinungs\u00e4u\u00dferung und Information oder<\/li><li>aus Gr\u00fcnden der in Art. 17 Abs. 3 lit c und d DSGVO genannten F\u00e4lle des \u00f6ffentlichen Interesses.<\/li><\/ul><\/li><li><strong>Recht auf Einschr\u00e4nkung:<\/strong> Gem\u00e4\u00df Art. 18 DSGVO haben Sie das Recht, die Einschr\u00e4nkung der Verarbeitung Ihrer personenbezogenen Daten zu verlangen, wenn<ul><li>die Richtigkeit der Daten von Ihnen bestritten wird, und zwar f\u00fcr eine Dauer, die es uns erm\u00f6glicht, die Richtigkeit der personenbezogenen Daten zu \u00fcberpr\u00fcfen,<\/li><li>die Verarbeitung Ihrer Daten unrechtm\u00e4\u00dfig ist, Sie aber deren L\u00f6schung ablehnen und stattdessen die Einschr\u00e4nkung der Nutzung der Daten verlangen,<\/li><li>wir die personenbezogenen Daten f\u00fcr die Zwecke der Verarbeitung nicht l\u00e4nger ben\u00f6tigen, Sie die Daten jedoch zur Geltendmachung, Aus\u00fcbung oder Verteidigung von Rechtsanspr\u00fcchen ben\u00f6tigen<\/li><li>Sie gem\u00e4\u00df Art. 21 DSGVO Widerspruch gegen die Verarbeitung Ihrer Daten eingelegt haben, es aber noch nicht feststeht, ob die berechtigten Gr\u00fcnde, die uns trotz Ihres Widerspruches zu einer weiteren Verarbeitung berechtigten, Ihre Rechte \u00fcberwiegen.<\/li><\/ul><\/li><li><strong>Recht auf Unterrichtung:<\/strong> Sofern Sie das Recht auf Berichtigung, L\u00f6schung oder Einschr\u00e4nkung der Verarbeitung gegen\u00fcber uns geltend gemacht haben, sind wir verpflichtet, allen Empf\u00e4ngern, denen gegen\u00fcber die Sie betreffenden personenbezogene Daten offengelegt wurden, die von Ihnen verlangte Berichtigung oder L\u00f6schung der Daten oder deren Einschr\u00e4nkung der Verarbeitung mitzuteilen, es sei denn, dies erweist sich als unm\u00f6glich oder ist mit einem unverh\u00e4ltnism\u00e4\u00dfigen Aufwand verbunden. Ihnen steht das Recht zu, von uns \u00fcber diese Empf\u00e4nger unterrichtet zu werden.<\/li><li><strong>Recht auf Daten\u00fcbertragbarkeit:<\/strong> Gem\u00e4\u00df Art. 20 DSGVO k\u00f6nnen Sie verlangen, dass wir die Sie betreffenden personenbezogenen Daten, die Sie uns bereitgestellt haben, in einem strukturierten, g\u00e4ngigen und maschinenlesebaren Format zu erhalten oder die \u00dcbermittlung an einen anderen Verantwortlichen zu verlangen.<\/li><li><strong>Beschwerderecht<\/strong>: Nach Art. 77 DSGVO haben Sie das Recht, sich bei einer Aufsichtsbeh\u00f6rde zu beschweren. Hierf\u00fcr k\u00f6nnen Sie sich an die Aufsichtsbeh\u00f6rde Ihres \u00fcblichen Aufenthaltsortes, Ihres Arbeitsplatzes oder unseres Firmensitzes wenden.<\/li><\/ul><h5>Widerrufsrecht<\/h5><p>Gem\u00e4\u00df Art. 7 Abs. 3 DSGVO steht Ihnen das Recht zu, Ihre erteilte Einwilligung in die Verarbeitung Ihrer Daten jederzeit uns gegen\u00fcber zu widerrufen. Der von Ihnen erkl\u00e4rte Widerruf \u00e4ndert nichts an der Rechtm\u00e4\u00dfigkeit der bis zum Widerruf erfolgten Verarbeitung Ihrer personenbezogenen Daten.<\/p><h5>Widerspruchsrecht<\/h5><p>Sie haben das Recht, aus Gr\u00fcnden, die sich aus Ihrer besonderen Situation ergeben, jederzeit gegen die Verarbeitung der Sie betreffenden personenbezogenen Daten, die aufgrund einer Interessenabw\u00e4gung (Art. 6 Abs. 1 lit. f DSGVO) erfolgt, Widerspruch einzulegen. Dies ist insbesondere dann der Fall, wenn die Datenverarbeitung nicht zur Erf\u00fcllung eines Vertrages erforderlich ist. Sofern Sie von Ihrem Widerspruchsrecht Gebrauch machen, bitten wir Sie um die Darlegung der Gr\u00fcnde. Wir werden Ihre personenbezogenen Daten dann nicht mehr verarbeiten, es sei denn, wir k\u00f6nnen Ihnen gegen\u00fcber nachweisen, dass zwingende schutzw\u00fcrdige Gr\u00fcnde an der Datenverarbeitung Ihre Interessen und Rechte \u00fcberwiegen.<\/p><p><span style=\"text-decoration: underline;\"><strong>Unabh\u00e4ngig vom vorstehend Gesagten, haben Sie das jederzeitige Recht, der Verarbeitung Ihrer personenbezogenen Daten f\u00fcr Zwecke der Werbung und Datenanalyse zu widersprechen.<\/strong><\/span><\/p><p>Ihren Widerspruch richten Sie bitte an die oben angegebene Kontaktadresse des Verantwortlichen.<\/p><h5>Google Maps<\/h5><p>Wir nutzen auf unserer Webseite Komponenten von&nbsp; &#8222;Google Maps&#8220;, einem Dienst der Google Inc., 1600 Amphitheatre Parkway, Mountain View, CA 94043, USA (nachfolgend bezeichnet als: &#8222;Google&#8220;).<\/p><p>Durch Google Maps werden geographische Informationen visuell dargestellt. Hierbei wird durch Google die IP-Adresse des Besuchers erhoben und verarbeitet. Diese wird unabh\u00e4ngig davon, ob die Nutzung von Google Maps tats\u00e4chlich erfolgt, oder Sie in Ihrem Google Account eingeloggt sind, an Google \u00fcbermittelt. Ihre IP-Adresse wird Ihrem Google Account zugeordnet, sofern Sie bei dem Besuch unserer Webseite in diesen eingeloggt sind. Diese Daten werden an externe Server von Google in den USA \u00fcbertragen. Google ist Teilnehmer des Privacy-Shield Abkommens und zur Datenverarbeitung nach europ\u00e4ischen Standards zertifiziert. Google gibt diese \u00fcber das technische Verfahren erhobenen Daten unter Umst\u00e4nden an Dritte weiter. <strong>Zweck:<\/strong> Die Einbindung von Google Maps dient der vereinfachten Visualisierung und Navigation im Rahmen eines Besuchs unseres Standorts. Die Datenverarbeitung von Google erfolgt zum Zwecke der Werbung, Marktforschung, der Gestaltung der Webseite und Bereitstellung von bedarfsgerechter Werbung. <strong>Rechtsgrundlage:<\/strong> Wir setzen Google Maps auf Grund unseres berechtigten Interesses am an der Optimierung und Gestaltung unseres Onlineangebotes ein, Art. 6 Abs. 1 lit. f DSGVO. <strong>Verhinderung:<\/strong> Sie k\u00f6nnen die Zuordnung der Daten verhindern, indem Sie auf die Verwendung von Google Maps auf unserer Webseite verzichten und sich vor Ihrem Besuch aus Ihrem Google Account ausloggen. Zudem k\u00f6nnen Sie JavaScript in Ihrem Browser deaktivieren, um die Kartenanzeige zu verhindern. Weiter verweisen wir auf die Datenschutzbestimmungen von Google unter folgendem Link <a href=\"https:\/\/www.google.com\/intl\/de_de\/help\/terms_maps.html\" class=\"externalLink\">http:\/\/www.google.com\/intl\/de_de\/help\/terms_maps.html<\/a><\/p><p><strong>Informationen zum Drittanbieter:<\/strong><\/p><p>Sitz innerhalb der EU: Google Dublin, Google Ireland Ltd., Gordon House, Barrow Street, Dublin 4, Ireland, Fax: +353 (1) 436 1001.<\/p><ul><li>Nutzerbedingungen:&nbsp;<a href=\"https:\/\/www.google.com\/analytics\/terms\/de.html\" class=\"externalLink\">http:\/\/www.google.com\/analytics\/terms\/de.html<\/a><\/li><li>\u00dcbersicht zum Datenschutz:&nbsp;<a href=\"https:\/\/www.google.com\/intl\/de\/analytics\/learn\/privacy.html\" class=\"externalLink\">http:\/\/www.google.com\/intl\/de\/analytics\/learn\/privacy.html<\/a><\/li><li>Datenschutzerkl\u00e4rung:&nbsp;<a href=\"https:\/\/www.google.de\/intl\/de\/policies\/privacy\" class=\"externalLink\">http:\/\/www.google.de\/intl\/de\/policies\/privacy<\/a><\/li><li>Datennutzung durch Google bei Ihrer Nutzung von Websites oder Apps unserer Partner:<a href=\"https:\/\/www.google.com\/intl\/de\/policies\/privacy\/partners\" class=\"externalLink\">https:\/\/www.google.com\/intl\/de\/policies\/privacy\/partners<\/a><\/li><li>Datennutzung zu Werbezwecken:&nbsp;<a href=\"https:\/\/www.google.com\/policies\/technologies\/ads\" class=\"externalLink\">http:\/\/www.google.com\/policies\/technologies\/ads<\/a><\/li><li>Personalisierte Werbung durch Google:&nbsp;<a href=\"https:\/\/www.google.de\/settings\/ads\" class=\"externalLink\">http:\/\/www.google.de\/settings\/ads<\/a><\/li><li>Google hat sich dem zwischen der Europ\u00e4ischen Union und den USA geschlossenen&nbsp;<strong>Privacy-Shield-Abkommen<\/strong>&nbsp;unterworfen und sich zertifiziert. Dadurch verpflichtet sich Google, die Standards und Vorschriften des europ\u00e4ischen Datenschutzrechts einzuhalten. N\u00e4here Informationen k\u00f6nnen Sie dem nachfolgend verlinkten Eintrag entnehmen:&nbsp;<a href=\"https:\/\/www.privacyshield.gov\/participant?id=a2zt000000001L5AAI&amp;status=Active\" class=\"externalLink\">https:\/\/www.privacyshield.gov\/participant?id=a2zt000000001L5AAI&amp;status=Active<\/a>.&nbsp;<\/li><\/ul><h5>Sicherheitsma\u00dfnahmen<\/h5><p>Wir treffen im \u00dcbrigen technische und organisatorische Sicherheitsma\u00dfnahmen nach dem Stand der Technik, um die Vorschriften der Datenschutzgesetze einzuhalten und Ihre Daten gegen zuf\u00e4llige oder vors\u00e4tzliche Manipulationen, teilweisen oder vollst\u00e4ndigen Verlust, Zerst\u00f6rung oder gegen den unbefugten Zugriff Dritter zu sch\u00fctzen.<\/p><h5>Aktualit\u00e4t und \u00c4nderung dieser Datenschutzerkl\u00e4rung<\/h5><p>Diese Datenschutzerkl\u00e4rung ist aktuell g\u00fcltig und hat den Stand M\u00e4rz 2019. Aufgrund ge\u00e4nderter gesetzlicher bzw. beh\u00f6rdlicher Vorgaben kann es notwendig werden, diese Datenschutzerkl\u00e4rung anzupassen.<\/p><p>Diese Datenschutzerkl\u00e4rung wurde mit Hilfe von <a title=\"SOS Recht\" href=\"https:\/\/sos-recht.de\" target=\"_blank\" class=\"externalLink\" rel=\"noopener noreferrer\">SOS Recht<\/a> erstellt. <a href=\"datenschutz\/dsgvo-datenschutz-generator\/\">Den Datenschutz-Erkl\u00e4rungsgenerator finden Sie hier. <\/a>SOS Recht ist ein Angebot der <a href=\"https:\/\/mueller.legal\/\" class=\"externalLink\">Mueller.legal Rechtsanw\u00e4lte Partnerschaft<\/a>&nbsp;mit Sitz in Berlin.<\/p>\n","protected":false},"excerpt":{"rendered":"<p>Datenschutzerkl\u00e4rung Mit dieser Datenschutzerkl\u00e4rung m\u00f6chten wir Sie \u00fcber Art, Umfang und Zweck der Verarbeitung von personenbezogenen Daten auf unserer Webseite aufkl\u00e4ren. Personenbezogene Daten sind alle Daten, die einen pers\u00f6nlichen Bezug zu Ihnen aufweisen, z. B. Name, Adresse, E-Mail-Adresse oder Nutzerverhalten. Wer bei uns f\u00fcr die Datenverarbeitung verantwortlich ist Verantwortlich f\u00fcr die Datenverarbeitung ist: AutoGalerie NaderNader [&hellip;]<\/p>\n","protected":false},"author":1,"featured_media":0,"parent":0,"menu_order":0,"comment_status":"closed","ping_status":"closed","template":"","meta":{"footnotes":""},"class_list":["post-291","page","type-page","status-publish","hentry"],"_links":{"self":[{"href":"https:\/\/www.autogalerienader.de\/index.php\/wp-json\/wp\/v2\/pages\/291","targetHints":{"allow":["GET"]}}],"collection":[{"href":"https:\/\/www.autogalerienader.de\/index.php\/wp-json\/wp\/v2\/pages"}],"about":[{"href":"https:\/\/www.autogalerienader.de\/index.php\/wp-json\/wp\/v2\/types\/page"}],"author":[{"embeddable":true,"href":"https:\/\/www.autogalerienader.de\/index.php\/wp-json\/wp\/v2\/users\/1"}],"replies":[{"embeddable":true,"href":"https:\/\/www.autogalerienader.de\/index.php\/wp-json\/wp\/v2\/comments?post=291"}],"version-history":[{"count":6,"href":"https:\/\/www.autogalerienader.de\/index.php\/wp-json\/wp\/v2\/pages\/291\/revisions"}],"predecessor-version":[{"id":357,"href":"https:\/\/www.autogalerienader.de\/index.php\/wp-json\/wp\/v2\/pages\/291\/revisions\/357"}],"wp:attachment":[{"href":"https:\/\/www.autogalerienader.de\/index.php\/wp-json\/wp\/v2\/media?parent=291"}],"curies":[{"name":"wp","href":"https:\/\/api.w.org\/{rel}","templated":true}]}}