{"id":2,"date":"2019-02-17T12:40:02","date_gmt":"2019-02-17T11:40:02","guid":{"rendered":"http:\/\/www.cj44.de\/wordpress\/?page_id=2"},"modified":"2019-03-09T19:43:27","modified_gmt":"2019-03-09T18:43:27","slug":"home","status":"publish","type":"page","link":"https:\/\/www.autogalerienader.de\/","title":{"rendered":"Home"},"content":{"rendered":"\n<p style=\"text-align:left\" class=\"has-text-color has-medium-font-size has-very-dark-gray-color\">Wir begr\u00fc\u00dfen Sie recht herzlich auf unserer Homepage <strong><span style=\"color: #FF0000;\">A<\/span>uto<span style=\"color: #FF0000;\">G<\/span>alerie <span style=\"color: #FF0000;\">N<\/span>ader  <\/strong>und freuen uns, dass Sie den Weg zu uns gefunden haben! St\u00e4ndig halten wir f\u00fcr Sie eine Vielfalt von gepflegten Fahrzeugen in reichhaltiger Auswahl bereit.<br><br>Gerne k\u00f6nnen Sie das gew\u00fcnschte Fahrzeug mit Terminabsprache probefahren.<br><br><strong><span style=\"color: #FF0000;\">S<\/span>ervice<\/strong> wird bei uns gro\u00df geschrieben \u2013 und das bereits seit <strong>1990<\/strong>!<br><br>Wir unterst\u00fctzen Sie in allen Phasen des Autokaufes und <strong><span style=\"color: #FF0000;\">b<\/span>eraten<\/strong> Sie bei Fragen rund um die Themen Finanzierung, Inzahlungnahme und Garantieangelegenheiten. Selbstverst\u00e4ndlich haben wir eine angeschlossene Werkstatt f\u00fcr unsere Kunden.<\/p>\n\n\n\n<figure class=\"wp-block-pullquote\"><blockquote><p>Haben Sie Fragen? Sprechen Sie uns gerne an. <\/p><p>Ihre Zufriedenheit hat f\u00fcr uns h\u00f6chste Priorit\u00e4t!<\/p><\/blockquote><\/figure>\n\n\n\n<hr style=\"border: 0; height: 3px; background-image: linear-gradient(to right, rgba(0, 0, 0, 0), rgba(255, 0, 0, 0.75), rgba(0, 0, 0, 0));\">\n\n\n\n<p style=\"text-align:left\"><strong>\u00d6FFNUNGSZEITEN  <\/strong>Montag-Freitag: 9:00 \u2013 19:00 \u2022 Samstag: 10:00 \u2013 16:30 Uhr<br><strong>ADRESSE <\/strong> Wandsbeker Zollstra\u00dfe 157-159 \u2022 22041 Hamburg<br><strong>TEL:<\/strong> +49 (0)40 657 22 96 \u2022 +49 (0)40 32 51 13 24  <strong>FAX:<\/strong> +49 (0)40 32 51 13 23<br><strong>MOBIL: <\/strong>+49 (0)176 82 08 66 88 \u2022 +49 (0)173 874 23 51<br><br><a href=\"mailto: info@autogalerienader.de\">info@autogalerienader.de<\/a><\/p>\n","protected":false},"excerpt":{"rendered":"<p>Wir begr\u00fc\u00dfen Sie recht herzlich auf unserer Homepage AutoGalerie Nader und freuen uns, dass Sie den Weg zu uns gefunden haben! St\u00e4ndig halten wir f\u00fcr Sie eine Vielfalt von gepflegten Fahrzeugen in reichhaltiger Auswahl bereit. Gerne k\u00f6nnen Sie das gew\u00fcnschte Fahrzeug mit Terminabsprache probefahren. Service wird bei uns gro\u00df geschrieben \u2013 und das bereits seit [&hellip;]<\/p>\n","protected":false},"author":1,"featured_media":0,"parent":0,"menu_order":0,"comment_status":"closed","ping_status":"closed","template":"","meta":{"footnotes":""},"class_list":["post-2","page","type-page","status-publish","hentry"],"_links":{"self":[{"href":"https:\/\/www.autogalerienader.de\/index.php\/wp-json\/wp\/v2\/pages\/2","targetHints":{"allow":["GET"]}}],"collection":[{"href":"https:\/\/www.autogalerienader.de\/index.php\/wp-json\/wp\/v2\/pages"}],"about":[{"href":"https:\/\/www.autogalerienader.de\/index.php\/wp-json\/wp\/v2\/types\/page"}],"author":[{"embeddable":true,"href":"https:\/\/www.autogalerienader.de\/index.php\/wp-json\/wp\/v2\/users\/1"}],"replies":[{"embeddable":true,"href":"https:\/\/www.autogalerienader.de\/index.php\/wp-json\/wp\/v2\/comments?post=2"}],"version-history":[{"count":28,"href":"https:\/\/www.autogalerienader.de\/index.php\/wp-json\/wp\/v2\/pages\/2\/revisions"}],"predecessor-version":[{"id":364,"href":"https:\/\/www.autogalerienader.de\/index.php\/wp-json\/wp\/v2\/pages\/2\/revisions\/364"}],"wp:attachment":[{"href":"https:\/\/www.autogalerienader.de\/index.php\/wp-json\/wp\/v2\/media?parent=2"}],"curies":[{"name":"wp","href":"https:\/\/api.w.org\/{rel}","templated":true}]}}